{"id":37,"date":"2024-06-12T21:29:58","date_gmt":"2024-06-12T21:29:58","guid":{"rendered":"https:\/\/blog.yoopies.be\/prendre-cours-particuliers-domicile1\/"},"modified":"2025-06-12T08:45:49","modified_gmt":"2025-06-12T08:45:49","slug":"prendre-cours-particuliers-domicile1","status":"publish","type":"page","link":"https:\/\/yoopies.be\/c\/prendre-cours-particuliers-domicile1\/","title":{"rendered":"Prendre des cours particuliers \u00e0 domicile avec Yoopies"},"content":{"rendered":"<p><p>Prendre des cours particuliers est devenu un v&eacute;ritable r&eacute;flexe aujourd&rsquo;hui lorsqu&rsquo;on souhaite remonter ses notes et avoir une meilleure m&eacute;thodologie de travail. Les cours particuliers &agrave; domicile offrent un moment unique et privil&eacute;gi&eacute; aux enfants afin d&rsquo;approfondir ce qui a &eacute;t&eacute; mal compris en classe. Il s&rsquo;agit d&rsquo;une occasion parfaite de perfectionner ses connaissances.<\/p>\n<\/p>\n<p><p class=\"block-img\"><img decoding=\"async\" src=\"https:\/\/yoopies.be\/c\/wp-content\/uploads\/sites\/9\/2024\/06\/2f887c42-c561-44a2-a713-38183139c113_pexels-andrea-piacquadio-37699812812928129.jpg\" alt=\"\"><\/p>\n<\/p>\n<p><h2><strong>Pourquoi prendre des cours particuliers &agrave; domicile ? \ud83e\udd14<\/strong><\/h2>\n<\/p>\n<p>Vous vous demandez pourquoi faire des cours de soutien ? Nous allons vous pr&eacute;senter les <strong>dix bonnes raisons de prendre des cours particuliers<\/strong> pour votre enfant. <\/p>\n<ul>\n<li>Une mise &agrave; niveau individualis&eacute;e pour rattraper un retard (absences des profs, absence li&eacute;e au coronavirus, densit&eacute; des programmes officiels, manque de pratique en cours d&rsquo;anglais&hellip;).<\/li>\n<li>Consolidation des connaissances : un moment unique pour poser toutes les questions rest&eacute;es en suspens pendant les cours &agrave; l&rsquo;&eacute;cole.<\/li>\n<li>Pr&eacute;paration &agrave; un examen ou &agrave; un concours : pour le brevet des coll&egrave;ges, le baccalaur&eacute;at ou l&rsquo;admission dans une grande &eacute;cole de renom.<\/li>\n<li>Obtention du titre d&rsquo;excellence : un v&eacute;ritable programme scolaire pour int&eacute;grer \u00ab\u00a0haut la main\u00a0\u00bb les grandes &eacute;coles. <\/li>\n<li>Atteinte de la moyenne  : des cours particuliers de fran&ccedil;ais, des cours particuliers de maths, de l&rsquo;<a target=\"_blank\" rel=\"noopener\" href=\"https:\/\/yoopies.be\/c\/prendre-cours-particuliers-domicile1\">aide aux devoirs<\/a>, du soutien scolaire de langues pour &eacute;viter le redoublement.<\/li>\n<li>Acquisition d&rsquo;une m&eacute;thodologie : apprentissage du cours par diff&eacute;rents moyens (carte mentale, fiches etc&#8230;), multiplication des exercices pour s&rsquo;entra&icirc;ner, d&eacute;veloppement des bons automatismes. <\/li>\n<li>R&eacute;vision d&rsquo;une heure tous les jours pour s&rsquo;obliger &agrave; fournir un travail r&eacute;gulier.<\/li>\n<li>Un enseignement sur mesure : un suivi r&eacute;gulier, une m&eacute;thode d&rsquo;enseignement adapt&eacute;e &agrave; chaque type de m&eacute;moire (auditive ou visuelle).<\/li>\n<li>D&eacute;veloppement d&rsquo;une passion : les cours de maths sont-ils votre pire cauchemar ? Est-ce juste &agrave; cause de votre 8 de moyenne g&eacute;n&eacute;rale en math&eacute;matiques ? On vous assure qu&rsquo;avec un peu de travail, vous pouvez provoquer le d&eacute;clic, augmenter vos notes et moyennes gr&acirc;ce aux cours de maths et r&eacute;ussir &agrave; donner des cours &agrave; des &eacute;l&egrave;ves dans quelques ann&eacute;es.<\/li>\n<li>L&rsquo;envie d&rsquo;apprendre de nouvelles choses : les cours particuliers permettent d&rsquo;<a target=\"_blank\" rel=\"noopener\" href=\"https:\/\/yoopies.be\/c\/apprendre-langue-etrangere-enfants\">apprendre une langue &eacute;trang&egrave;re <\/a>pour devenir bilingue (cours d&rsquo;anglais, cours d&rsquo;allemand, cours de japonais&hellip;),  un nouvel instrument de musique (cours de piano, cours de guitare&hellip;) ou encore d&rsquo;apprendre un nouvel art (cours de dessin, cours de chant, cours de danse &hellip;). \n<\/li>\n<\/ul>\n<p class=\"highlighted\">\n<p>L&rsquo;&eacute;ducation est l&rsquo;arme la plus puissante qu&rsquo;on puisse utiliser pour changer le monde. Nelson Mandela <\/p>\n<\/p>\n<p><h2><strong>Cours particulier &agrave; domicile : combien &ccedil;a co&ucirc;te ? \ud83d\udcb0<\/strong><\/h2>\n<\/p>\n<p>Les tarifs sont diff&eacute;rents selon plusieurs crit&egrave;res. Les &eacute;l&eacute;ments qui font varier le <strong>prix d&rsquo;une heure de cours de soutien scolaire <\/strong>sont multiples.<\/p>\n<ol>\n<li><strong>La zone g&eacute;ographique<\/strong><br \/>\nLa ville dans laquelle vous vivez aura un impact important sur le prix fix&eacute; par votre professeur particulier. Selon les villes, le prix d&rsquo;un cours particulier peut varier de plus de cinq euros parfois. <br \/>\nSans surprise, c&rsquo;est donc dans la capitale que le&nbsp;tarif des cours particuliers&nbsp;est le plus &eacute;lev&eacute;. Les zones rurales, quant &agrave; elles, disposent de professeurs particuliers bien plus abordables financi&egrave;rement.\n<\/li>\n<li><strong>L&rsquo;exp&eacute;rience du professeur particulier &agrave; domicile <\/strong><br \/>\nLa multiplicit&eacute; des profils des professeurs particuliers illustre de fa&ccedil;on r&eacute;v&eacute;latrice l&rsquo;&egrave;re du partage des connaissances dans laquelle nous vivons d&eacute;sormais. Le professeur particulier est&nbsp;chez Yoopies, le symbole de cette nouvelle &egrave;re.<br \/>\nIl peut s&rsquo;agir d&rsquo;un &eacute;tudiant mais aussi d&rsquo;un autodidacte ou encore d&rsquo;un&nbsp;professeur de l&rsquo;&Eacute;ducation Nationale&nbsp;exp&eacute;riment&eacute; ou retrait&eacute;. Ils sont nombreux &agrave; donner des cours particuliers &agrave; domicile dans le but de transmettre leur savoir.<br \/>\nLe prix d&rsquo;un cours d&eacute;pend du niveau d&rsquo;&eacute;tudes et de l&rsquo;exp&eacute;rience du professeur particulier. Un professeur particulier d&eacute;butant donnant des cours de maths ou des cours d&rsquo;anglais ne facturera pas le m&ecirc;me prix qu&rsquo;un&nbsp;professeur particulier &agrave; domicile&nbsp;qui exerce depuis dix ans ce m&eacute;tier.\n<\/li>\n<li><strong>La mati&egrave;re enseign&eacute;e<\/strong><br \/>\nLe prix du cours varie en fonction de la ou les mati&egrave;res enseign&eacute;es. Le degr&eacute; de sp&eacute;cialisation ou l&rsquo;utilisation de mat&eacute;riel sp&eacute;cifique font &eacute;galement varier le prix. <br \/>\nFaire apprendre la conjugaison &agrave; un &eacute;l&egrave;ve ne demande pas le m&ecirc;me investissement que d&rsquo;expliquer comment faire un tableau d&rsquo;avancement en chimie. \n<\/li>\n<li><strong>Le niveau scolaire de l&rsquo;&eacute;l&egrave;ve<\/strong><br \/>\nOn peut avoir besoin d&rsquo;un&nbsp;professeur particulier&nbsp;&agrave; de nombreuses &eacute;tapes de sa vie mais aussi cours particuliers pour adultes. Qu&rsquo;il s&rsquo;agisse d&rsquo;un cours de dessin ou d&rsquo;un cours de chinois, tout est envisageable ! Bien entendu, le prix du cours d&eacute;pendra du niveau scolaire de l&rsquo;&eacute;tudiant. <br \/>\nPlus vous &ecirc;tes avanc&eacute;(e) dans votre cursus scolaire, plus les comp&eacute;tences requises seront&nbsp;pouss&eacute;es. Donc, le prix aussi !\n<\/li>\n<li><strong>Le moment de la journ&eacute;e :<\/strong>&nbsp;Et oui, on n&rsquo;y pense pas toujours assez mais l&rsquo;heure &agrave; laquelle le cours est pr&eacute;vu peut avoir une influence sur le prix du cours. En effet, un cours en apr&egrave;s-midi n&rsquo;aura pas le m&ecirc;me tarif qu&rsquo;un cours du soir. Le professeur particulier pourra m&ecirc;me se r&eacute;server le droit&nbsp;d&rsquo;augmenter son tarif horaire, lorsqu&rsquo;il s&rsquo;agit d&rsquo;un jour f&eacute;ri&eacute; ou d&rsquo;un dimanche. Bien s&ucirc;r, cela peut d&eacute;pendre du professeur, mais il est toujours bon de le pr&eacute;ciser ! \n<\/li>\n<li><strong>L&rsquo;organisation du cours<\/strong>&nbsp;: Le nombre d&rsquo;&eacute;l&egrave;ves pr&eacute;sent(e)s &agrave; un cours peut faire varier le tarif horaire. Le prix est g&eacute;n&eacute;ralement plus bas lorsqu&rsquo;il s&rsquo;agit d&rsquo;un cours en groupe que si l&rsquo;&eacute;l&egrave;ve est seul(e) avec son prof particulier. Parfois,&nbsp;l&rsquo;ambiance collective n&#8217;emp&ecirc;che pas d&rsquo;apprendre mieux. \n<\/li>\n<\/ol>\n<p><h2><strong>Trouver le professeur particulier id&eacute;al ! \ud83d\udc69&zwj;\ud83c\udfeb<\/strong><\/h2>\n<\/p>\n<p>Vous souhaitez trouver le meilleur des professeurs particuliers ? C&rsquo;est normal ! Avec <strong>Yoopies<\/strong>, c&rsquo;est vous qui choisissez votre perle rare adapt&eacute;e &agrave; vos besoins et vos crit&egrave;res de recherche. <\/p>\n<h3><\/h3>\n<h3><strong>Qui peut faire du soutien scolaire ? \ud83d\udd75\ufe0f&zwj;\u2640\ufe0f<\/strong><\/h3>\n<\/p>\n<p>Les &eacute;tudiants, les enseignants dipl&ocirc;m&eacute;s, ou encore des professionnels pourront <strong>donner des cours de soutien scolaire<\/strong>. Des connaissances th&eacute;oriques sont obligatoires pour aider l&rsquo;&eacute;l&egrave;ve &agrave; renforcer ses acquis dans une mati&egrave;re.<\/p>\n<\/p>\n<p><h3><strong>Qui peut faire de l&rsquo;aide aux devoirs ? \ud83d\udd75\ufe0f&zwj;\u2640\ufe0f<\/strong><\/h3>\n<\/p>\n<p>Les proches (parents, fr&egrave;res ou s&oelig;urs) peuvent donner de l&rsquo;aide aux devoirs mais aussi un enseignant ou un &eacute;tudiant. Des connaissances th&eacute;oriques sont obligatoires pour aider l&rsquo;&eacute;l&egrave;ve &agrave; surmonter ses lacunes. <\/p>\n<\/p>\n<p class=\"highlighted\">\n<p><strong>\ud83d\udca1  Bon &agrave; savoir : L&rsquo;aide aux devoirs p<\/strong>ermet &agrave; votre enfant d&rsquo;acqu&eacute;rir une m&eacute;thode de travail beaucoup plus efficace.<\/p>\n<\/p>\n<p><h3><strong>Quelles qualit&eacute;s doit avoir un prof particulier ? \ud83d\udcdc<\/strong><\/h3>\n<\/p>\n<p>Yoopies vous explique tout ! Le professeur particulier, avant de donner des cours, doit avoir <strong>les qualifications et comp&eacute;tences requises <\/strong>pour aider votre enfant durant sa scolarit&eacute;. Pour trouver le bon professeur particulier, vous devez prendre en compte les comp&eacute;tences suivantes :<\/p>\n<ul>\n<li><strong>Patience:<\/strong>&nbsp;L&rsquo;une des principales comp&eacute;tences n&eacute;cessaires chez un bon professeur est la patience avec les &eacute;l&egrave;ves.&nbsp;Il faut qu&rsquo;il sache prendre le temps d&rsquo;expliquer les choses de mani&egrave;re dynamique et engageante. Ainsi, votre enfant pourra gagner en confiance et excellera.<\/li>\n<li><strong>Confiance: <\/strong>Il faut qu&rsquo;il ait confiance en ses capacit&eacute;s et son expertise.&nbsp;Il doit bien conna&icirc;tre son sujet et devra transmettre facilement &agrave; votre enfant sa passion et un int&eacute;r&ecirc;t pour son contenu.<\/li>\n<li><strong>Organisation:<\/strong> Donner des cours particuliers est plus qu&rsquo;un simple enseignement.&nbsp;Il doit ainsi &ecirc;tre en mesure d&rsquo;&eacute;quilibrer ses cours autour de son emploi du temps quotidien mais &eacute;galement de celui de votre enfant. Il devra &ecirc;tre en mesure de pr&eacute;parer les le&ccedil;ons avant le cours, et m&ecirc;me pouvoir pr&eacute;parer des exercices &agrave; donner en devoirs.<\/li>\n<li><strong>Qualification d&rsquo;enseignement:<\/strong>&nbsp;Un professeur particulier expert est un professeur qui poss&egrave;de un certificat d&rsquo;enseignement. <\/li>\n<li><strong>Qualification dans une mati&egrave;re: <\/strong>Un dipl&ocirc;me dans la mati&egrave;re enseign&eacute;e vous permettra de s&rsquo;assurer de l&rsquo;expertise du professeur particulier et ainsi de gagner votre confiance et celle de votre enfant. Si votre enfant a besoin de cours de chimie, il est plus judicieux de choisir un &eacute;tudiant en &eacute;cole sup&eacute;rieure de chimie qu&rsquo;un &eacute;tudiant en &eacute;cole de langues. Si votre enfant a besoin de<a target=\"_blank\" rel=\"noopener\" href=\"https:\/\/yoopies.be\/cours-anglais\"> cours d&rsquo;anglais<\/a>, il est plus judicieux de choisir un &eacute;tudiant en &eacute;cole de langues ou un &eacute;tudiant bilingue. <\/li>\n<li><strong>Gentillesse:<\/strong>&nbsp;Le professeur particulier id&eacute;al est celui qui sait &ecirc;tre gentil et positif avec votre enfant pour aider &agrave; le motiver et cr&eacute;er un environnement propice &agrave; l&rsquo;apprentissage.<\/li>\n<li> <strong>&Ecirc;tre p&eacute;dagogue <\/strong>est l&rsquo;une des clefs de vo&ucirc;te &agrave; prendre en compte. Il doit permettre &agrave; votre enfant de se perfectionner dans une ou plusieurs mati&egrave;res. Cela signifie qu&rsquo;il faut &eacute;videmment qu&rsquo;il sache s&rsquo;adapter au niveau scolaire de votre enfant.<\/li>\n<\/ul>\n<p>Pour b&eacute;n&eacute;ficier d&rsquo;un cours particulier &agrave; domicile, il suffit de vous inscrire sur <a target=\"_blank\" rel=\"noopener\" href=\"https:\/\/yoopies.be\/\"><strong>Yoopies<\/strong><\/a>, la premi&egrave;re plateforme de services &agrave; domicile en France, puis consultez librement les profils de nos intervenants pour les cours de soutien scolaire, et contactez votre professeur selon vos crit&egrave;res de recherche.<\/p>\n<p>&Eacute;changez avec le professeur particulier pour lui expliquer vos besoins et lui faire part de vos disponibilit&eacute;s et enfin programmez le cours.&nbsp;Yoopies vous accompagnera ensuite dans toutes vos d&eacute;marches administratives. <\/p>\n<\/p>\n<p class=\"block-img\"><img decoding=\"async\" src=\"https:\/\/yoopies.be\/c\/wp-content\/uploads\/sites\/9\/2024\/06\/40d96dba-33e7-4098-96bb-d16985160c44_pexels-rodnae-productions-782168428129.jpg\" alt=\"\"><\/p>\n<h2><\/h2>\n<\/p>\n<p><a class=\"button\" href=\"https:\/\/yoopies.be\/soutien-scolaire\">Trouvez le professeur particulier id\u00e9al dans plus de 20 mati\u00e8res et r\u00e9servez vos cours.<\/a><\/p>\n","protected":false},"excerpt":{"rendered":"<p>Prendre des cours particuliers est devenu un v&eacute;ritable r&eacute;flexe aujourd&rsquo;hui lorsqu&rsquo;on souhaite remonter ses notes &hellip; <\/p>\n","protected":false},"author":10,"featured_media":40,"parent":0,"menu_order":0,"comment_status":"closed","ping_status":"closed","template":"","meta":{"_acf_changed":false,"footnotes":""},"class_list":["post-37","page","type-page","status-publish","has-post-thumbnail","hentry"],"acf":[],"yoast_head":"<!-- This site is optimized with the Yoast SEO plugin v26.9 - https:\/\/yoast.com\/product\/yoast-seo-wordpress\/ -->\n<title>Prendre des cours particuliers \u00e0 domicile - Yoopies<\/title>\n<meta name=\"description\" content=\"Prendre des cours particuliers \u00e0 domicile a plusieurs b\u00e9n\u00e9fices. Nous vous pr\u00e9sentons les bonnes raisons de prendre des cours particuliers pour votre enfant dans cet article.\" \/>\n<meta name=\"robots\" content=\"index, follow, max-snippet:-1, max-image-preview:large, max-video-preview:-1\" \/>\n<link rel=\"canonical\" href=\"https:\/\/yoopies.be\/c\/prendre-cours-particuliers-domicile1\/\" \/>\n<meta property=\"og:locale\" content=\"fr_FR\" \/>\n<meta property=\"og:type\" content=\"article\" \/>\n<meta property=\"og:title\" content=\"Prendre des cours particuliers \u00e0 domicile - Yoopies\" \/>\n<meta property=\"og:description\" content=\"Prendre des cours particuliers \u00e0 domicile a plusieurs b\u00e9n\u00e9fices. Nous vous pr\u00e9sentons les bonnes raisons de prendre des cours particuliers pour votre enfant dans cet article.\" \/>\n<meta property=\"og:url\" content=\"https:\/\/yoopies.be\/c\/prendre-cours-particuliers-domicile1\/\" \/>\n<meta property=\"og:site_name\" content=\"Le Blog Yoopies Belgique\" \/>\n<meta property=\"article:modified_time\" content=\"2025-06-12T08:45:49+00:00\" \/>\n<meta property=\"og:image\" content=\"https:\/\/yoopies.be\/c\/wp-content\/uploads\/sites\/9\/2024\/06\/2f887c42-c561-44a2-a713-38183139c113-pexels-andrea-piacquadio-37699812812928129.jpg\" \/>\n\t<meta property=\"og:image:width\" content=\"1200\" \/>\n\t<meta property=\"og:image:height\" content=\"808\" \/>\n\t<meta property=\"og:image:type\" content=\"image\/jpeg\" \/>\n<meta name=\"twitter:card\" content=\"summary_large_image\" \/>\n<meta name=\"twitter:label1\" content=\"Dur\u00e9e de lecture est.\" \/>\n\t<meta name=\"twitter:data1\" content=\"9 minutes\" \/>\n<script type=\"application\/ld+json\" class=\"yoast-schema-graph\">{\"@context\":\"https:\/\/schema.org\",\"@graph\":[{\"@type\":\"WebPage\",\"@id\":\"https:\/\/yoopies.be\/c\/prendre-cours-particuliers-domicile1\/\",\"url\":\"https:\/\/yoopies.be\/c\/prendre-cours-particuliers-domicile1\/\",\"name\":\"Prendre des cours particuliers \u00e0 domicile - Yoopies\",\"isPartOf\":{\"@id\":\"https:\/\/yoopies.be\/c\/#website\"},\"primaryImageOfPage\":{\"@id\":\"https:\/\/yoopies.be\/c\/prendre-cours-particuliers-domicile1\/#primaryimage\"},\"image\":{\"@id\":\"https:\/\/yoopies.be\/c\/prendre-cours-particuliers-domicile1\/#primaryimage\"},\"thumbnailUrl\":\"https:\/\/yoopies.be\/c\/wp-content\/uploads\/sites\/9\/2024\/06\/2f887c42-c561-44a2-a713-38183139c113-pexels-andrea-piacquadio-37699812812928129.jpg\",\"datePublished\":\"2024-06-12T21:29:58+00:00\",\"dateModified\":\"2025-06-12T08:45:49+00:00\",\"description\":\"Prendre des cours particuliers \u00e0 domicile a plusieurs b\u00e9n\u00e9fices. Nous vous pr\u00e9sentons les bonnes raisons de prendre des cours particuliers pour votre enfant dans cet article.\",\"breadcrumb\":{\"@id\":\"https:\/\/yoopies.be\/c\/prendre-cours-particuliers-domicile1\/#breadcrumb\"},\"inLanguage\":\"fr-BE\",\"potentialAction\":[{\"@type\":\"ReadAction\",\"target\":[\"https:\/\/yoopies.be\/c\/prendre-cours-particuliers-domicile1\/\"]}]},{\"@type\":\"ImageObject\",\"inLanguage\":\"fr-BE\",\"@id\":\"https:\/\/yoopies.be\/c\/prendre-cours-particuliers-domicile1\/#primaryimage\",\"url\":\"https:\/\/yoopies.be\/c\/wp-content\/uploads\/sites\/9\/2024\/06\/2f887c42-c561-44a2-a713-38183139c113-pexels-andrea-piacquadio-37699812812928129.jpg\",\"contentUrl\":\"https:\/\/yoopies.be\/c\/wp-content\/uploads\/sites\/9\/2024\/06\/2f887c42-c561-44a2-a713-38183139c113-pexels-andrea-piacquadio-37699812812928129.jpg\",\"width\":1200,\"height\":808},{\"@type\":\"BreadcrumbList\",\"@id\":\"https:\/\/yoopies.be\/c\/prendre-cours-particuliers-domicile1\/#breadcrumb\",\"itemListElement\":[{\"@type\":\"ListItem\",\"position\":1,\"name\":\"Home\",\"item\":\"https:\/\/yoopies.be\/c\/\"},{\"@type\":\"ListItem\",\"position\":2,\"name\":\"Prendre des cours particuliers \u00e0 domicile avec Yoopies\"}]},{\"@type\":\"WebSite\",\"@id\":\"https:\/\/yoopies.be\/c\/#website\",\"url\":\"https:\/\/yoopies.be\/c\/\",\"name\":\"Le Blog Yoopies Belgique\",\"description\":\"\",\"potentialAction\":[{\"@type\":\"SearchAction\",\"target\":{\"@type\":\"EntryPoint\",\"urlTemplate\":\"https:\/\/yoopies.be\/c\/?s={search_term_string}\"},\"query-input\":{\"@type\":\"PropertyValueSpecification\",\"valueRequired\":true,\"valueName\":\"search_term_string\"}}],\"inLanguage\":\"fr-BE\"}]}<\/script>\n<!-- \/ Yoast SEO plugin. -->","yoast_head_json":{"title":"Prendre des cours particuliers \u00e0 domicile - Yoopies","description":"Prendre des cours particuliers \u00e0 domicile a plusieurs b\u00e9n\u00e9fices. Nous vous pr\u00e9sentons les bonnes raisons de prendre des cours particuliers pour votre enfant dans cet article.","robots":{"index":"index","follow":"follow","max-snippet":"max-snippet:-1","max-image-preview":"max-image-preview:large","max-video-preview":"max-video-preview:-1"},"canonical":"https:\/\/yoopies.be\/c\/prendre-cours-particuliers-domicile1\/","og_locale":"fr_FR","og_type":"article","og_title":"Prendre des cours particuliers \u00e0 domicile - Yoopies","og_description":"Prendre des cours particuliers \u00e0 domicile a plusieurs b\u00e9n\u00e9fices. Nous vous pr\u00e9sentons les bonnes raisons de prendre des cours particuliers pour votre enfant dans cet article.","og_url":"https:\/\/yoopies.be\/c\/prendre-cours-particuliers-domicile1\/","og_site_name":"Le Blog Yoopies Belgique","article_modified_time":"2025-06-12T08:45:49+00:00","og_image":[{"width":1200,"height":808,"url":"https:\/\/yoopies.be\/c\/wp-content\/uploads\/sites\/9\/2024\/06\/2f887c42-c561-44a2-a713-38183139c113-pexels-andrea-piacquadio-37699812812928129.jpg","type":"image\/jpeg"}],"twitter_card":"summary_large_image","twitter_misc":{"Dur\u00e9e de lecture est.":"9 minutes"},"schema":{"@context":"https:\/\/schema.org","@graph":[{"@type":"WebPage","@id":"https:\/\/yoopies.be\/c\/prendre-cours-particuliers-domicile1\/","url":"https:\/\/yoopies.be\/c\/prendre-cours-particuliers-domicile1\/","name":"Prendre des cours particuliers \u00e0 domicile - Yoopies","isPartOf":{"@id":"https:\/\/yoopies.be\/c\/#website"},"primaryImageOfPage":{"@id":"https:\/\/yoopies.be\/c\/prendre-cours-particuliers-domicile1\/#primaryimage"},"image":{"@id":"https:\/\/yoopies.be\/c\/prendre-cours-particuliers-domicile1\/#primaryimage"},"thumbnailUrl":"https:\/\/yoopies.be\/c\/wp-content\/uploads\/sites\/9\/2024\/06\/2f887c42-c561-44a2-a713-38183139c113-pexels-andrea-piacquadio-37699812812928129.jpg","datePublished":"2024-06-12T21:29:58+00:00","dateModified":"2025-06-12T08:45:49+00:00","description":"Prendre des cours particuliers \u00e0 domicile a plusieurs b\u00e9n\u00e9fices. Nous vous pr\u00e9sentons les bonnes raisons de prendre des cours particuliers pour votre enfant dans cet article.","breadcrumb":{"@id":"https:\/\/yoopies.be\/c\/prendre-cours-particuliers-domicile1\/#breadcrumb"},"inLanguage":"fr-BE","potentialAction":[{"@type":"ReadAction","target":["https:\/\/yoopies.be\/c\/prendre-cours-particuliers-domicile1\/"]}]},{"@type":"ImageObject","inLanguage":"fr-BE","@id":"https:\/\/yoopies.be\/c\/prendre-cours-particuliers-domicile1\/#primaryimage","url":"https:\/\/yoopies.be\/c\/wp-content\/uploads\/sites\/9\/2024\/06\/2f887c42-c561-44a2-a713-38183139c113-pexels-andrea-piacquadio-37699812812928129.jpg","contentUrl":"https:\/\/yoopies.be\/c\/wp-content\/uploads\/sites\/9\/2024\/06\/2f887c42-c561-44a2-a713-38183139c113-pexels-andrea-piacquadio-37699812812928129.jpg","width":1200,"height":808},{"@type":"BreadcrumbList","@id":"https:\/\/yoopies.be\/c\/prendre-cours-particuliers-domicile1\/#breadcrumb","itemListElement":[{"@type":"ListItem","position":1,"name":"Home","item":"https:\/\/yoopies.be\/c\/"},{"@type":"ListItem","position":2,"name":"Prendre des cours particuliers \u00e0 domicile avec Yoopies"}]},{"@type":"WebSite","@id":"https:\/\/yoopies.be\/c\/#website","url":"https:\/\/yoopies.be\/c\/","name":"Le Blog Yoopies Belgique","description":"","potentialAction":[{"@type":"SearchAction","target":{"@type":"EntryPoint","urlTemplate":"https:\/\/yoopies.be\/c\/?s={search_term_string}"},"query-input":{"@type":"PropertyValueSpecification","valueRequired":true,"valueName":"search_term_string"}}],"inLanguage":"fr-BE"}]}},"_links":{"self":[{"href":"https:\/\/yoopies.be\/c\/wp-json\/wp\/v2\/pages\/37","targetHints":{"allow":["GET"]}}],"collection":[{"href":"https:\/\/yoopies.be\/c\/wp-json\/wp\/v2\/pages"}],"about":[{"href":"https:\/\/yoopies.be\/c\/wp-json\/wp\/v2\/types\/page"}],"author":[{"embeddable":true,"href":"https:\/\/yoopies.be\/c\/wp-json\/wp\/v2\/users\/10"}],"replies":[{"embeddable":true,"href":"https:\/\/yoopies.be\/c\/wp-json\/wp\/v2\/comments?post=37"}],"version-history":[{"count":1,"href":"https:\/\/yoopies.be\/c\/wp-json\/wp\/v2\/pages\/37\/revisions"}],"predecessor-version":[{"id":41,"href":"https:\/\/yoopies.be\/c\/wp-json\/wp\/v2\/pages\/37\/revisions\/41"}],"wp:featuredmedia":[{"embeddable":true,"href":"https:\/\/yoopies.be\/c\/wp-json\/wp\/v2\/media\/40"}],"wp:attachment":[{"href":"https:\/\/yoopies.be\/c\/wp-json\/wp\/v2\/media?parent=37"}],"curies":[{"name":"wp","href":"https:\/\/api.w.org\/{rel}","templated":true}]}}