{"id":251,"date":"2023-08-21T10:25:53","date_gmt":"2023-08-21T10:25:53","guid":{"rendered":"https:\/\/blog.yoopies.be\/cours-particuliers-en-ligne\/"},"modified":"2025-06-12T08:45:48","modified_gmt":"2025-06-12T08:45:48","slug":"cours-particuliers-en-ligne","status":"publish","type":"page","link":"https:\/\/yoopies.be\/c\/cours-particuliers-en-ligne\/","title":{"rendered":"Comment rendre le soutien scolaire en ligne efficace ?"},"content":{"rendered":"<p><h3><strong>Vous avez fait appel &agrave; un professeur de soutien scolaire en ligne et vous vous demandez comment rendre le cours efficace ? <\/strong><\/h3>\n<\/p>\n<p>Dans cet article, vous trouverez tous les conseils, pour vous aider &agrave; vous pr&eacute;parer &agrave; un cours de soutien scolaire en ligne, afin d&rsquo;&ecirc;tre le plus attentif possible. Vous y trouverez &eacute;galement des conseils pour que votre cours soit efficace.<\/p>\n<p class=\"block-img\"><img decoding=\"async\" src=\"https:\/\/yoopies.be\/c\/wp-content\/uploads\/sites\/9\/2023\/08\/d6d5ee4b-09c3-4911-8dfd-74ff42ec933e_pexels-august-de-richelieu-4261789.jpg\" alt=\"\"><\/p>\n<h2><strong>A quoi sert le cours de soutien scolaire en ligne ?<\/strong><\/h2>\n<\/p>\n<p>Le soutien scolaire a pour but de :<\/p>\n<ul>\n<li><strong>Aider votre enfant dans son organisation.&nbsp;<\/strong>En effet, votre enfant peut rencontrer des difficult&eacute;s d&rsquo;organisation. S&rsquo;il a l&rsquo;habitude de r&eacute;viser en groupe avec ses camarades de classe apr&egrave;s l&rsquo;&eacute;cole par exemple, il devra instaurer une nouvelle m&eacute;thode pour continuer ses r&eacute;visions efficacement.\n<\/li>\n<li><strong>Augmenter la moyenne de votre enfant.&nbsp;<\/strong>Si vous manquez de temps&nbsp;et que vous ne pouvez pas aider votre enfant &agrave; remonter ses notes, le soutien scolaire est la meilleure solution.\n<\/li>\n<li><strong>B&eacute;n&eacute;ficier d&rsquo;un accompagnement personnalis&eacute;.&nbsp;<\/strong>Votre enfant pourra ainsi se sentir plus &agrave; l&rsquo;aise pour poser toutes les questions qu&rsquo;il souhaite sans peur d&rsquo;&ecirc;tre jug&eacute; par les autres &eacute;l&egrave;ves de sa classe.\n<\/li>\n<li><strong>Aider l&rsquo;enfant &agrave; r&eacute;viser pour ses examens.<\/strong>\n<\/li>\n<li><strong>Soutenir et rassurer les parents.<\/strong><\/li>\n<\/ul>\n<h2><strong>Le soutien scolaire en ligne n&eacute;cessite une bonne organisation <\/strong><\/h2>\n<\/p>\n<ol>\n<li>Tout d&rsquo;abord, <strong>installez-vous &agrave; un endroit calme<\/strong> &agrave; votre domicile, loin des passages de vos proches. Le but est de se concentrer durant toute la s&eacute;ance et &eacute;viter toutes sources de distraction. Alors, si vous avez un t&eacute;l&eacute;phone, coupez le son ou &eacute;teignez-le. Juste le temps du cours. Votre concentration sera ainsi maximale. \n<\/li>\n<li>Sur votre bureau, <strong>gardez uniquement ce dont vous avez besoin.<\/strong> L&rsquo;ordinateur, vos cahiers et livres scolaires, et votre trousse. \n<\/li>\n<li>Une fois votre ordinateur allum&eacute;, <strong>fermez toutes les fen&ecirc;tres que vous avez laiss&eacute; ouvertes<\/strong>. Devant l&rsquo;ordinateur, il est parfois tr&egrave;s tentant d&rsquo;aller visiter d&rsquo;autres sites et de d&eacute;crocher. Alors &eacute;vitons cette tentation.\n<\/li>\n<li><strong>T&eacute;l&eacute;chargez le logiciel<\/strong> pour le cours par webcam et testez-le. \n<\/li>\n<li><strong>V&eacute;rifiez la qualit&eacute; de votre webcam<\/strong>&nbsp;ou achetez-en une si la qualit&eacute; n&rsquo;est pas suffisante. \n<\/li>\n<li><strong>V&eacute;rifier la luminosit&eacute;<\/strong> dans la pi&egrave;ce pour &ecirc;tre bien vu par votre professeur. Evitez les contre-jours.\n<\/li>\n<li><strong>V&eacute;rifiez la qualit&eacute; de votre micro. <\/strong> Il est important que vous entendiez bien votre futur professeur particulier et qu&rsquo;il vous re&ccedil;oive parfaitement aussi.<\/li>\n<li><strong>Enfin, v&eacute;rifiez votre connexion internet.<\/strong>&nbsp;Si vous constatez que vous entendez mal votre professeur ou qu&rsquo;il vous entend mal ou encore que l&rsquo;image se fixe plusieurs secondes, alors votre connexion internet doit en &ecirc;tre la raison. <\/li>\n<\/ol>\n<p>Pendant votre cours, <strong>prenez des notes <\/strong>afin de rendre le cours efficace. Essayez m&ecirc;me de prendre des notes de fa&ccedil;on sch&eacute;matique, pour plus d&rsquo;interactivit&eacute; avec votre professeur particulier. <\/p>\n<p>N&rsquo;h&eacute;sitez pas aussi &agrave; demander une pause de quelques minutes si vous constatez une baisse de votre attention. Buvez de l&rsquo;eau, reprenez des forces. <\/p>\n<\/p>\n<h2><strong>Comment se d&eacute;roule un cours de soutien scolaire en ligne avec un professeur particulier ? <\/strong><\/h2>\n<\/p>\n<p>Vous vous demandez ce qui change entre un cours de soutien &agrave; domicile et un cours de soutien par webcam ? <\/p>\n<p>La r&eacute;ponse est qu&rsquo;il n&rsquo;y a aucune diff&eacute;rence ! <\/p>\n<p>Tout d&rsquo;abord, l&rsquo;attitude de l&rsquo;&eacute;l&egrave;ve ainsi que du professeur particulier se ressentent bien &agrave; travers l&rsquo;&eacute;cran. Il est ainsi essentiel de<strong> cr&eacute;er une relation id&eacute;ale <\/strong>pour pouvoir mieux &eacute;changer. <\/p>\n<p>Le professeur de soutien scolaire reverra avec l&rsquo;&eacute;l&egrave;ve les<strong> le&ccedil;ons &eacute;tudi&eacute;es <\/strong>afin de v&eacute;rifier les acquis et les points &agrave; revoir. Ainsi, il acquerra toutes les notions du chapitre. L&rsquo;accompagnement du professeur sera construit &agrave; partir des cours que l&rsquo;&eacute;l&egrave;ve devra lui envoyer. <\/p>\n<p>Apr&egrave;s avoir fait le tour de la le&ccedil;on de cours, il v&eacute;rifiera la compr&eacute;hension de ses notions &agrave; travers <strong>des exercices <\/strong>s&eacute;lectionn&eacute;s par le professeur particulier. Il pourra proposer de les traiter &agrave; l&rsquo;oral ou bien &agrave; l&rsquo;&eacute;crit. <\/p>\n<p>Le professeur particulier fera ensuite, une <strong>correction d&eacute;taill&eacute;e<\/strong>. N&rsquo;h&eacute;sitez pas &agrave; lui poser des questions ou bien &agrave; lui demander de vous r&eacute;expliquer un point du cours. Vous &ecirc;tes seuls avec votre professeur particulier, loin des regards de vos camarades alors ne soyez pas timide. <\/p>\n<p>A la fin du cours, donnez-lui votre ressenti. Chaque cours est unique. En fonction de votre progression et de vos besoins, les cours ne seront pas toujours organis&eacute;s de la m&ecirc;me fa&ccedil;on. mais fa&icirc;tes confiance &agrave; votre professeur particuliers. <\/p>\n<p>Il vous aidera &agrave; retrouver le go&ucirc;t de l&rsquo;apprentissage et vous guidera vers la r&eacute;ussite !<\/p>\n<\/p>\n<h2><strong>Comment faire pour b&eacute;n&eacute;ficier d&rsquo;un cours de soutien scolaire en ligne ? <\/strong><\/h2>\n<\/p>\n<p>Il suffit de vous inscrire sur Yoopies, la premi&egrave;re plateforme de services &agrave; domicile en France, puis consultez librement les profils de nos intervenants pour les cours de soutien scolaire, et contactez votre professeur selon le crit&egrave;re &ldquo;par webcam&rdquo;.&nbsp;<\/p>\n<p>&Eacute;changez avec le professeur particulier de soutien scolaire pour lui expliquer vos besoins et lui faire part de vos disponibilit&eacute;s et enfin programmez le cours.&nbsp;Choisissez avec lui, le logiciel pour le soutien scolaire en ligne.  Les logiciels les plus couramment utilis&eacute;s sont Skype, Google Hangouts, Google Meet, ou encore Google Talk. Pensez &agrave; le t&eacute;l&eacute;charger et le tester avant le premier cours.<\/p>\n<\/p>\n<p><strong>A tr&egrave;s vite sur Yoopies ! <\/strong><\/p>\n<\/p>\n<p><a class=\"button\" href=\"https:\/\/yoopies.be\/soutien-scolaire\">Besoin de soutien scolaire par webcam ? Cliquez-ici. <\/a><\/p>\n","protected":false},"excerpt":{"rendered":"<p>Vous avez fait appel &agrave; un professeur de soutien scolaire en ligne et vous vous &hellip; <\/p>\n","protected":false},"author":10,"featured_media":253,"parent":0,"menu_order":0,"comment_status":"closed","ping_status":"closed","template":"","meta":{"_acf_changed":false,"footnotes":""},"class_list":["post-251","page","type-page","status-publish","has-post-thumbnail","hentry"],"acf":[],"yoast_head":"<!-- This site is optimized with the Yoast SEO plugin v26.9 - https:\/\/yoast.com\/product\/yoast-seo-wordpress\/ -->\n<title>Comment rendre les cours particuliers en ligne efficace ?<\/title>\n<meta name=\"description\" content=\"Vous cherchez \u00e0 rendre efficace les cours particuliers en ligne ? Toutes les r\u00e9ponses \u00e0 vos questions dans les articles \u00e9crits par nos experts.\" \/>\n<meta name=\"robots\" content=\"index, follow, max-snippet:-1, max-image-preview:large, max-video-preview:-1\" \/>\n<link rel=\"canonical\" href=\"https:\/\/yoopies.be\/c\/cours-particuliers-en-ligne\/\" \/>\n<meta property=\"og:locale\" content=\"fr_FR\" \/>\n<meta property=\"og:type\" content=\"article\" \/>\n<meta property=\"og:title\" content=\"Comment rendre les cours particuliers en ligne efficace ?\" \/>\n<meta property=\"og:description\" content=\"Vous cherchez \u00e0 rendre efficace les cours particuliers en ligne ? Toutes les r\u00e9ponses \u00e0 vos questions dans les articles \u00e9crits par nos experts.\" \/>\n<meta property=\"og:url\" content=\"https:\/\/yoopies.be\/c\/cours-particuliers-en-ligne\/\" \/>\n<meta property=\"og:site_name\" content=\"Le Blog Yoopies Belgique\" \/>\n<meta property=\"article:modified_time\" content=\"2025-06-12T08:45:48+00:00\" \/>\n<meta property=\"og:image\" content=\"https:\/\/yoopies.be\/c\/wp-content\/uploads\/sites\/9\/2023\/08\/d6d5ee4b-09c3-4911-8dfd-74ff42ec933e-pexels-august-de-richelieu-4261789.jpg\" \/>\n\t<meta property=\"og:image:width\" content=\"1200\" \/>\n\t<meta property=\"og:image:height\" content=\"801\" \/>\n\t<meta property=\"og:image:type\" content=\"image\/jpeg\" \/>\n<meta name=\"twitter:card\" content=\"summary_large_image\" \/>\n<meta name=\"twitter:label1\" content=\"Dur\u00e9e de lecture est.\" \/>\n\t<meta name=\"twitter:data1\" content=\"5 minutes\" \/>\n<script type=\"application\/ld+json\" class=\"yoast-schema-graph\">{\"@context\":\"https:\/\/schema.org\",\"@graph\":[{\"@type\":\"WebPage\",\"@id\":\"https:\/\/yoopies.be\/c\/cours-particuliers-en-ligne\/\",\"url\":\"https:\/\/yoopies.be\/c\/cours-particuliers-en-ligne\/\",\"name\":\"Comment rendre les cours particuliers en ligne efficace ?\",\"isPartOf\":{\"@id\":\"https:\/\/yoopies.be\/c\/#website\"},\"primaryImageOfPage\":{\"@id\":\"https:\/\/yoopies.be\/c\/cours-particuliers-en-ligne\/#primaryimage\"},\"image\":{\"@id\":\"https:\/\/yoopies.be\/c\/cours-particuliers-en-ligne\/#primaryimage\"},\"thumbnailUrl\":\"https:\/\/yoopies.be\/c\/wp-content\/uploads\/sites\/9\/2023\/08\/d6d5ee4b-09c3-4911-8dfd-74ff42ec933e-pexels-august-de-richelieu-4261789.jpg\",\"datePublished\":\"2023-08-21T10:25:53+00:00\",\"dateModified\":\"2025-06-12T08:45:48+00:00\",\"description\":\"Vous cherchez \u00e0 rendre efficace les cours particuliers en ligne ? Toutes les r\u00e9ponses \u00e0 vos questions dans les articles \u00e9crits par nos experts.\",\"breadcrumb\":{\"@id\":\"https:\/\/yoopies.be\/c\/cours-particuliers-en-ligne\/#breadcrumb\"},\"inLanguage\":\"fr-BE\",\"potentialAction\":[{\"@type\":\"ReadAction\",\"target\":[\"https:\/\/yoopies.be\/c\/cours-particuliers-en-ligne\/\"]}]},{\"@type\":\"ImageObject\",\"inLanguage\":\"fr-BE\",\"@id\":\"https:\/\/yoopies.be\/c\/cours-particuliers-en-ligne\/#primaryimage\",\"url\":\"https:\/\/yoopies.be\/c\/wp-content\/uploads\/sites\/9\/2023\/08\/d6d5ee4b-09c3-4911-8dfd-74ff42ec933e-pexels-august-de-richelieu-4261789.jpg\",\"contentUrl\":\"https:\/\/yoopies.be\/c\/wp-content\/uploads\/sites\/9\/2023\/08\/d6d5ee4b-09c3-4911-8dfd-74ff42ec933e-pexels-august-de-richelieu-4261789.jpg\",\"width\":1200,\"height\":801},{\"@type\":\"BreadcrumbList\",\"@id\":\"https:\/\/yoopies.be\/c\/cours-particuliers-en-ligne\/#breadcrumb\",\"itemListElement\":[{\"@type\":\"ListItem\",\"position\":1,\"name\":\"Home\",\"item\":\"https:\/\/yoopies.be\/c\/\"},{\"@type\":\"ListItem\",\"position\":2,\"name\":\"Comment rendre le soutien scolaire en ligne efficace ?\"}]},{\"@type\":\"WebSite\",\"@id\":\"https:\/\/yoopies.be\/c\/#website\",\"url\":\"https:\/\/yoopies.be\/c\/\",\"name\":\"Le Blog Yoopies Belgique\",\"description\":\"\",\"potentialAction\":[{\"@type\":\"SearchAction\",\"target\":{\"@type\":\"EntryPoint\",\"urlTemplate\":\"https:\/\/yoopies.be\/c\/?s={search_term_string}\"},\"query-input\":{\"@type\":\"PropertyValueSpecification\",\"valueRequired\":true,\"valueName\":\"search_term_string\"}}],\"inLanguage\":\"fr-BE\"}]}<\/script>\n<!-- \/ Yoast SEO plugin. -->","yoast_head_json":{"title":"Comment rendre les cours particuliers en ligne efficace ?","description":"Vous cherchez \u00e0 rendre efficace les cours particuliers en ligne ? Toutes les r\u00e9ponses \u00e0 vos questions dans les articles \u00e9crits par nos experts.","robots":{"index":"index","follow":"follow","max-snippet":"max-snippet:-1","max-image-preview":"max-image-preview:large","max-video-preview":"max-video-preview:-1"},"canonical":"https:\/\/yoopies.be\/c\/cours-particuliers-en-ligne\/","og_locale":"fr_FR","og_type":"article","og_title":"Comment rendre les cours particuliers en ligne efficace ?","og_description":"Vous cherchez \u00e0 rendre efficace les cours particuliers en ligne ? Toutes les r\u00e9ponses \u00e0 vos questions dans les articles \u00e9crits par nos experts.","og_url":"https:\/\/yoopies.be\/c\/cours-particuliers-en-ligne\/","og_site_name":"Le Blog Yoopies Belgique","article_modified_time":"2025-06-12T08:45:48+00:00","og_image":[{"width":1200,"height":801,"url":"https:\/\/yoopies.be\/c\/wp-content\/uploads\/sites\/9\/2023\/08\/d6d5ee4b-09c3-4911-8dfd-74ff42ec933e-pexels-august-de-richelieu-4261789.jpg","type":"image\/jpeg"}],"twitter_card":"summary_large_image","twitter_misc":{"Dur\u00e9e de lecture est.":"5 minutes"},"schema":{"@context":"https:\/\/schema.org","@graph":[{"@type":"WebPage","@id":"https:\/\/yoopies.be\/c\/cours-particuliers-en-ligne\/","url":"https:\/\/yoopies.be\/c\/cours-particuliers-en-ligne\/","name":"Comment rendre les cours particuliers en ligne efficace ?","isPartOf":{"@id":"https:\/\/yoopies.be\/c\/#website"},"primaryImageOfPage":{"@id":"https:\/\/yoopies.be\/c\/cours-particuliers-en-ligne\/#primaryimage"},"image":{"@id":"https:\/\/yoopies.be\/c\/cours-particuliers-en-ligne\/#primaryimage"},"thumbnailUrl":"https:\/\/yoopies.be\/c\/wp-content\/uploads\/sites\/9\/2023\/08\/d6d5ee4b-09c3-4911-8dfd-74ff42ec933e-pexels-august-de-richelieu-4261789.jpg","datePublished":"2023-08-21T10:25:53+00:00","dateModified":"2025-06-12T08:45:48+00:00","description":"Vous cherchez \u00e0 rendre efficace les cours particuliers en ligne ? Toutes les r\u00e9ponses \u00e0 vos questions dans les articles \u00e9crits par nos experts.","breadcrumb":{"@id":"https:\/\/yoopies.be\/c\/cours-particuliers-en-ligne\/#breadcrumb"},"inLanguage":"fr-BE","potentialAction":[{"@type":"ReadAction","target":["https:\/\/yoopies.be\/c\/cours-particuliers-en-ligne\/"]}]},{"@type":"ImageObject","inLanguage":"fr-BE","@id":"https:\/\/yoopies.be\/c\/cours-particuliers-en-ligne\/#primaryimage","url":"https:\/\/yoopies.be\/c\/wp-content\/uploads\/sites\/9\/2023\/08\/d6d5ee4b-09c3-4911-8dfd-74ff42ec933e-pexels-august-de-richelieu-4261789.jpg","contentUrl":"https:\/\/yoopies.be\/c\/wp-content\/uploads\/sites\/9\/2023\/08\/d6d5ee4b-09c3-4911-8dfd-74ff42ec933e-pexels-august-de-richelieu-4261789.jpg","width":1200,"height":801},{"@type":"BreadcrumbList","@id":"https:\/\/yoopies.be\/c\/cours-particuliers-en-ligne\/#breadcrumb","itemListElement":[{"@type":"ListItem","position":1,"name":"Home","item":"https:\/\/yoopies.be\/c\/"},{"@type":"ListItem","position":2,"name":"Comment rendre le soutien scolaire en ligne efficace ?"}]},{"@type":"WebSite","@id":"https:\/\/yoopies.be\/c\/#website","url":"https:\/\/yoopies.be\/c\/","name":"Le Blog Yoopies Belgique","description":"","potentialAction":[{"@type":"SearchAction","target":{"@type":"EntryPoint","urlTemplate":"https:\/\/yoopies.be\/c\/?s={search_term_string}"},"query-input":{"@type":"PropertyValueSpecification","valueRequired":true,"valueName":"search_term_string"}}],"inLanguage":"fr-BE"}]}},"_links":{"self":[{"href":"https:\/\/yoopies.be\/c\/wp-json\/wp\/v2\/pages\/251","targetHints":{"allow":["GET"]}}],"collection":[{"href":"https:\/\/yoopies.be\/c\/wp-json\/wp\/v2\/pages"}],"about":[{"href":"https:\/\/yoopies.be\/c\/wp-json\/wp\/v2\/types\/page"}],"author":[{"embeddable":true,"href":"https:\/\/yoopies.be\/c\/wp-json\/wp\/v2\/users\/10"}],"replies":[{"embeddable":true,"href":"https:\/\/yoopies.be\/c\/wp-json\/wp\/v2\/comments?post=251"}],"version-history":[{"count":1,"href":"https:\/\/yoopies.be\/c\/wp-json\/wp\/v2\/pages\/251\/revisions"}],"predecessor-version":[{"id":254,"href":"https:\/\/yoopies.be\/c\/wp-json\/wp\/v2\/pages\/251\/revisions\/254"}],"wp:featuredmedia":[{"embeddable":true,"href":"https:\/\/yoopies.be\/c\/wp-json\/wp\/v2\/media\/253"}],"wp:attachment":[{"href":"https:\/\/yoopies.be\/c\/wp-json\/wp\/v2\/media?parent=251"}],"curies":[{"name":"wp","href":"https:\/\/api.w.org\/{rel}","templated":true}]}}