{"id":233,"date":"2023-08-21T10:24:54","date_gmt":"2023-08-21T10:24:54","guid":{"rendered":"https:\/\/blog.yoopies.be\/baby-sitting-informations\/"},"modified":"2025-06-12T08:45:47","modified_gmt":"2025-06-12T08:45:47","slug":"baby-sitting-informations","status":"publish","type":"page","link":"https:\/\/yoopies.be\/c\/baby-sitting-informations\/","title":{"rendered":"Baby-sitting &#8211; Informations utiles"},"content":{"rendered":"<p><p><strong>Vous cherchez un intervenant pour du baby sitting ? Vous avez besoin d&rsquo;informations pour trouver la perle rare pour votre enfant ? Vous &ecirc;tes alors sur la bonne page ! On vous explique tout dans nos articles<\/strong><\/p>\n<\/p>\n<figure><img decoding=\"async\" src=\"https:\/\/yoopies.be\/c\/wp-content\/uploads\/sites\/9\/2023\/08\/e13e6361-22f3-4a34-8691-fd6005723a3d-pexels-andrea-piacquadio-3822696.jpg\" \/><\/figure>\n<p><h2><strong>Une baby-sitter ? Pourquoi ? <\/strong><\/h2>\n<\/p>\n<p>La pr&eacute;sence des enfants dans une famille peut rendre les journ&eacute;es charg&eacute;es et g&eacute;n&eacute;ralement, il est plus difficile de trouver du temps pour soi, ne serait-ce que pour un loisir.  Entre les devoirs &agrave; la maison, l&#8217;emploi du temps des enfants, le t&eacute;l&eacute;travail, les repas &agrave; pr&eacute;parer, les courses &agrave; faire, les disputes des enfants &agrave; g&eacute;rer, le m&eacute;nage etc&#8230; De nombreux parents se sentent d&eacute;bord&eacute;s. Pour &eacute;vacuer ce stress, et pour r&eacute;ussir &agrave; souffler un peu, la solution est de faire appel &agrave; une baby-sitter pour de la garde d&rsquo;enfants.\ud83d\udc86&zwj;\u2640\ufe0f<\/p>\n<p>Chez Yoopies, on a de nombreux intervenants disponibles, alors trouvez celui ou celle qui r&eacute;pondra au mieux &agrave; vos besoins ! <\/p>\n<\/p>\n<h2><strong>D&eacute;terminez vos besoins et fixez des crit&egrave;res ! \ud83d\udc69&zwj;\ud83d\udc66<\/strong><\/h2>\n<\/p>\n<p>Vous pouvez avoir besoin d&rsquo;une baby-sitter dans diverses situations : <\/p>\n<ul>\n<li>Il peut s&rsquo;agir de quelques heures de baby-sitting lorsque vous devez assister &agrave; une soir&eacute;e ou un &eacute;v&eacute;nement,<\/li>\n<li>Du baby-sitting pour aller chercher vos enfants &agrave; l&rsquo;&eacute;cole lorsque vous avez un impr&eacute;vu,<\/li>\n<li>De la garde d&rsquo;enfants pour conduire aux diverses activit&eacute;s extra-scolaires des enfants les mercredis et\/ou pendant les vacances,<\/li>\n<li>Du baby sitting pour divertir les enfants pendant que vous t&eacute;l&eacute;travaillez dans la pi&egrave;ce d&rsquo;&agrave; c&ocirc;t&eacute;.<\/li>\n<\/ul>\n<p>Une fois que vous avez d&eacute;termin&eacute; vos besoins, inscrivez-vous sur <a href=\"https:\/\/yoopies.be\/\">Yoopies<\/a> en quelques clics pour poster une annonce, &eacute;crire votre lettre de motivation et commencer vos recherches. Vous aurez besoin d&rsquo;une annonce avec une&nbsp;description claire et pr&eacute;cise de vos attentes ! Ces crit&egrave;res peuvent, par exemple, comprendre votre zone g&eacute;ographique, vos disponibilit&eacute;s, les langues &agrave; savoir parler, si votre enfant a des besoins sp&eacute;cifiques etc. <\/p>\n<p>Fixez ensuite votre prix par heure. Lorsque votre annonce est pr&ecirc;te, recherchez la personne qu&rsquo;il vous faut en utilisant les&nbsp;filtres qui vous correspondent. Vous avez m&ecirc;me la possibilit&eacute; de filtrer par avis, recommandations, et commentaires.<\/p>\n<p><strong>Yoopies r&eacute;pond &agrave; vos questions dans les articles r&eacute;dig&eacute;s par nos experts. Tous nos guides officiels sont tenus &agrave; jour afin que vous soyez toujours inform&eacute;s des actualit&eacute;s.<\/strong><\/p>\n<\/p>\n<p><a class=\"button\" href=\"https:\/\/yoopies.be\/baby-sitting\">Trouvez votre baby-sitter en cliquant ici ! <\/a><\/p>\n","protected":false},"excerpt":{"rendered":"<p>Vous cherchez un intervenant pour du baby sitting ? Vous avez besoin d&rsquo;informations pour trouver &hellip; <\/p>\n","protected":false},"author":10,"featured_media":235,"parent":0,"menu_order":0,"comment_status":"closed","ping_status":"closed","template":"","meta":{"_acf_changed":false,"footnotes":""},"class_list":["post-233","page","type-page","status-publish","has-post-thumbnail","hentry"],"acf":[],"yoast_head":"<!-- This site is optimized with the Yoast SEO plugin v26.9 - https:\/\/yoast.com\/product\/yoast-seo-wordpress\/ -->\n<title>Baby-sitting - Informations utiles<\/title>\n<meta name=\"description\" content=\"Vous cherchez un intervenant pour du baby-sitting \u00e0 domicile. Toutes les informations et r\u00e9ponses \u00e0 vos questions dans nos articles.\" \/>\n<meta name=\"robots\" content=\"index, follow, max-snippet:-1, max-image-preview:large, max-video-preview:-1\" \/>\n<link rel=\"canonical\" href=\"https:\/\/yoopies.be\/c\/baby-sitting-informations\/\" \/>\n<meta property=\"og:locale\" content=\"fr_FR\" \/>\n<meta property=\"og:type\" content=\"article\" \/>\n<meta property=\"og:title\" content=\"Baby-sitting - Informations utiles\" \/>\n<meta property=\"og:description\" content=\"Vous cherchez un intervenant pour du baby-sitting \u00e0 domicile. Toutes les informations et r\u00e9ponses \u00e0 vos questions dans nos articles.\" \/>\n<meta property=\"og:url\" content=\"https:\/\/yoopies.be\/c\/baby-sitting-informations\/\" \/>\n<meta property=\"og:site_name\" content=\"Le Blog Yoopies Belgique\" \/>\n<meta property=\"article:modified_time\" content=\"2025-06-12T08:45:47+00:00\" \/>\n<meta property=\"og:image\" content=\"https:\/\/yoopies.be\/c\/wp-content\/uploads\/sites\/9\/2023\/08\/e13e6361-22f3-4a34-8691-fd6005723a3d-pexels-andrea-piacquadio-3822696-1.jpg\" \/>\n\t<meta property=\"og:image:width\" content=\"1200\" \/>\n\t<meta property=\"og:image:height\" content=\"800\" \/>\n\t<meta property=\"og:image:type\" content=\"image\/jpeg\" \/>\n<meta name=\"twitter:card\" content=\"summary_large_image\" \/>\n<meta name=\"twitter:label1\" content=\"Dur\u00e9e de lecture est.\" \/>\n\t<meta name=\"twitter:data1\" content=\"2 minutes\" \/>\n<script type=\"application\/ld+json\" class=\"yoast-schema-graph\">{\"@context\":\"https:\/\/schema.org\",\"@graph\":[{\"@type\":\"WebPage\",\"@id\":\"https:\/\/yoopies.be\/c\/baby-sitting-informations\/\",\"url\":\"https:\/\/yoopies.be\/c\/baby-sitting-informations\/\",\"name\":\"Baby-sitting - Informations utiles\",\"isPartOf\":{\"@id\":\"https:\/\/yoopies.be\/c\/#website\"},\"primaryImageOfPage\":{\"@id\":\"https:\/\/yoopies.be\/c\/baby-sitting-informations\/#primaryimage\"},\"image\":{\"@id\":\"https:\/\/yoopies.be\/c\/baby-sitting-informations\/#primaryimage\"},\"thumbnailUrl\":\"https:\/\/yoopies.be\/c\/wp-content\/uploads\/sites\/9\/2023\/08\/e13e6361-22f3-4a34-8691-fd6005723a3d-pexels-andrea-piacquadio-3822696-1.jpg\",\"datePublished\":\"2023-08-21T10:24:54+00:00\",\"dateModified\":\"2025-06-12T08:45:47+00:00\",\"description\":\"Vous cherchez un intervenant pour du baby-sitting \u00e0 domicile. Toutes les informations et r\u00e9ponses \u00e0 vos questions dans nos articles.\",\"breadcrumb\":{\"@id\":\"https:\/\/yoopies.be\/c\/baby-sitting-informations\/#breadcrumb\"},\"inLanguage\":\"fr-BE\",\"potentialAction\":[{\"@type\":\"ReadAction\",\"target\":[\"https:\/\/yoopies.be\/c\/baby-sitting-informations\/\"]}]},{\"@type\":\"ImageObject\",\"inLanguage\":\"fr-BE\",\"@id\":\"https:\/\/yoopies.be\/c\/baby-sitting-informations\/#primaryimage\",\"url\":\"https:\/\/yoopies.be\/c\/wp-content\/uploads\/sites\/9\/2023\/08\/e13e6361-22f3-4a34-8691-fd6005723a3d-pexels-andrea-piacquadio-3822696-1.jpg\",\"contentUrl\":\"https:\/\/yoopies.be\/c\/wp-content\/uploads\/sites\/9\/2023\/08\/e13e6361-22f3-4a34-8691-fd6005723a3d-pexels-andrea-piacquadio-3822696-1.jpg\",\"width\":1200,\"height\":800},{\"@type\":\"BreadcrumbList\",\"@id\":\"https:\/\/yoopies.be\/c\/baby-sitting-informations\/#breadcrumb\",\"itemListElement\":[{\"@type\":\"ListItem\",\"position\":1,\"name\":\"Home\",\"item\":\"https:\/\/yoopies.be\/c\/\"},{\"@type\":\"ListItem\",\"position\":2,\"name\":\"Baby-sitting &#8211; Informations utiles\"}]},{\"@type\":\"WebSite\",\"@id\":\"https:\/\/yoopies.be\/c\/#website\",\"url\":\"https:\/\/yoopies.be\/c\/\",\"name\":\"Le Blog Yoopies Belgique\",\"description\":\"\",\"potentialAction\":[{\"@type\":\"SearchAction\",\"target\":{\"@type\":\"EntryPoint\",\"urlTemplate\":\"https:\/\/yoopies.be\/c\/?s={search_term_string}\"},\"query-input\":{\"@type\":\"PropertyValueSpecification\",\"valueRequired\":true,\"valueName\":\"search_term_string\"}}],\"inLanguage\":\"fr-BE\"}]}<\/script>\n<!-- \/ Yoast SEO plugin. -->","yoast_head_json":{"title":"Baby-sitting - Informations utiles","description":"Vous cherchez un intervenant pour du baby-sitting \u00e0 domicile. Toutes les informations et r\u00e9ponses \u00e0 vos questions dans nos articles.","robots":{"index":"index","follow":"follow","max-snippet":"max-snippet:-1","max-image-preview":"max-image-preview:large","max-video-preview":"max-video-preview:-1"},"canonical":"https:\/\/yoopies.be\/c\/baby-sitting-informations\/","og_locale":"fr_FR","og_type":"article","og_title":"Baby-sitting - Informations utiles","og_description":"Vous cherchez un intervenant pour du baby-sitting \u00e0 domicile. Toutes les informations et r\u00e9ponses \u00e0 vos questions dans nos articles.","og_url":"https:\/\/yoopies.be\/c\/baby-sitting-informations\/","og_site_name":"Le Blog Yoopies Belgique","article_modified_time":"2025-06-12T08:45:47+00:00","og_image":[{"width":1200,"height":800,"url":"https:\/\/yoopies.be\/c\/wp-content\/uploads\/sites\/9\/2023\/08\/e13e6361-22f3-4a34-8691-fd6005723a3d-pexels-andrea-piacquadio-3822696-1.jpg","type":"image\/jpeg"}],"twitter_card":"summary_large_image","twitter_misc":{"Dur\u00e9e de lecture est.":"2 minutes"},"schema":{"@context":"https:\/\/schema.org","@graph":[{"@type":"WebPage","@id":"https:\/\/yoopies.be\/c\/baby-sitting-informations\/","url":"https:\/\/yoopies.be\/c\/baby-sitting-informations\/","name":"Baby-sitting - Informations utiles","isPartOf":{"@id":"https:\/\/yoopies.be\/c\/#website"},"primaryImageOfPage":{"@id":"https:\/\/yoopies.be\/c\/baby-sitting-informations\/#primaryimage"},"image":{"@id":"https:\/\/yoopies.be\/c\/baby-sitting-informations\/#primaryimage"},"thumbnailUrl":"https:\/\/yoopies.be\/c\/wp-content\/uploads\/sites\/9\/2023\/08\/e13e6361-22f3-4a34-8691-fd6005723a3d-pexels-andrea-piacquadio-3822696-1.jpg","datePublished":"2023-08-21T10:24:54+00:00","dateModified":"2025-06-12T08:45:47+00:00","description":"Vous cherchez un intervenant pour du baby-sitting \u00e0 domicile. Toutes les informations et r\u00e9ponses \u00e0 vos questions dans nos articles.","breadcrumb":{"@id":"https:\/\/yoopies.be\/c\/baby-sitting-informations\/#breadcrumb"},"inLanguage":"fr-BE","potentialAction":[{"@type":"ReadAction","target":["https:\/\/yoopies.be\/c\/baby-sitting-informations\/"]}]},{"@type":"ImageObject","inLanguage":"fr-BE","@id":"https:\/\/yoopies.be\/c\/baby-sitting-informations\/#primaryimage","url":"https:\/\/yoopies.be\/c\/wp-content\/uploads\/sites\/9\/2023\/08\/e13e6361-22f3-4a34-8691-fd6005723a3d-pexels-andrea-piacquadio-3822696-1.jpg","contentUrl":"https:\/\/yoopies.be\/c\/wp-content\/uploads\/sites\/9\/2023\/08\/e13e6361-22f3-4a34-8691-fd6005723a3d-pexels-andrea-piacquadio-3822696-1.jpg","width":1200,"height":800},{"@type":"BreadcrumbList","@id":"https:\/\/yoopies.be\/c\/baby-sitting-informations\/#breadcrumb","itemListElement":[{"@type":"ListItem","position":1,"name":"Home","item":"https:\/\/yoopies.be\/c\/"},{"@type":"ListItem","position":2,"name":"Baby-sitting &#8211; Informations utiles"}]},{"@type":"WebSite","@id":"https:\/\/yoopies.be\/c\/#website","url":"https:\/\/yoopies.be\/c\/","name":"Le Blog Yoopies Belgique","description":"","potentialAction":[{"@type":"SearchAction","target":{"@type":"EntryPoint","urlTemplate":"https:\/\/yoopies.be\/c\/?s={search_term_string}"},"query-input":{"@type":"PropertyValueSpecification","valueRequired":true,"valueName":"search_term_string"}}],"inLanguage":"fr-BE"}]}},"_links":{"self":[{"href":"https:\/\/yoopies.be\/c\/wp-json\/wp\/v2\/pages\/233","targetHints":{"allow":["GET"]}}],"collection":[{"href":"https:\/\/yoopies.be\/c\/wp-json\/wp\/v2\/pages"}],"about":[{"href":"https:\/\/yoopies.be\/c\/wp-json\/wp\/v2\/types\/page"}],"author":[{"embeddable":true,"href":"https:\/\/yoopies.be\/c\/wp-json\/wp\/v2\/users\/10"}],"replies":[{"embeddable":true,"href":"https:\/\/yoopies.be\/c\/wp-json\/wp\/v2\/comments?post=233"}],"version-history":[{"count":1,"href":"https:\/\/yoopies.be\/c\/wp-json\/wp\/v2\/pages\/233\/revisions"}],"predecessor-version":[{"id":236,"href":"https:\/\/yoopies.be\/c\/wp-json\/wp\/v2\/pages\/233\/revisions\/236"}],"wp:featuredmedia":[{"embeddable":true,"href":"https:\/\/yoopies.be\/c\/wp-json\/wp\/v2\/media\/235"}],"wp:attachment":[{"href":"https:\/\/yoopies.be\/c\/wp-json\/wp\/v2\/media?parent=233"}],"curies":[{"name":"wp","href":"https:\/\/api.w.org\/{rel}","templated":true}]}}