{"id":161,"date":"2024-01-15T09:33:45","date_gmt":"2024-01-15T09:33:45","guid":{"rendered":"https:\/\/blog.yoopies.be\/quels-sont-les-produits-bio-a-utiliser-pour-le-menage\/"},"modified":"2025-06-12T08:45:49","modified_gmt":"2025-06-12T08:45:49","slug":"quels-sont-les-produits-bio-a-utiliser-pour-le-menage","status":"publish","type":"page","link":"https:\/\/yoopies.be\/c\/quels-sont-les-produits-bio-a-utiliser-pour-le-menage\/","title":{"rendered":"M\u00e9nage au naturel : les produits de nettoyage bio et leurs b\u00e9n\u00e9fices"},"content":{"rendered":"<figure><img decoding=\"async\" src=\"https:\/\/yoopies.be\/c\/wp-content\/uploads\/sites\/9\/2024\/01\/583ff0dd-1627-4ec1-ba49-e0ff4c3d493e-adobestock-387180606.jpg\" \/><\/figure>\n<p><h2>Les diff&eacute;rents produits naturels pour un nettoyage 100 % &eacute;cologique<\/h2>\n<h3>Les produits naturels &agrave; avoir &agrave; la maison<\/h3>\n<\/p>\n<p>Adopter une d&eacute;marche z&eacute;ro d&eacute;chet, concocter soi-m&ecirc;me ses recettes m&eacute;nag&egrave;res ou simplement faire des &eacute;conomies, c&rsquo;est facile en se servant aussi des produits du quotidien pour effectuer les t&acirc;ches m&eacute;nag&egrave;res.<\/p>\n<p>Pour &ecirc;tre un parfait &eacute;l&egrave;ve du m&eacute;nage &eacute;cologique, voici une liste des indispensables &agrave; avoir dans vos placards.<\/p>\n<ul>\n<li>Bicarbonate de soude&nbsp;<\/li>\n<li>Vinaigre blanc&nbsp;<\/li>\n<li>Citron&nbsp;<\/li>\n<li>Savon noir liquide&nbsp;&nbsp;<\/li>\n<li>Savon de Marseille<\/li>\n<li>Huile de lin&nbsp;<\/li>\n<\/ul>\n<p>Le <strong>bicarbonate de soude<\/strong> est un abrasif doux. M&eacute;lang&eacute; &agrave; de l&rsquo;eau et du savon, il devient une cr&egrave;me &agrave; r&eacute;curer : une recette d&eacute;capante redoutable pour la cuisine.<\/p>\n<p>Le <strong>vinaigre blanc<\/strong> est un nettoyant multi-usage, anti-calcaire pour les appareils m&eacute;nagers. &Agrave; associer au bicarbonate de soude pour renforcer ses propri&eacute;t&eacute;s.<\/p>\n<p>Le <strong>citron<\/strong> d&eacute;tartre, assainit, parfume et rafra&icirc;chit vos surfaces, ou un frigo.<\/p>\n<p>Pour les soins et le lavage du sol, pensez au <strong>savon noir liquide<\/strong> compos&eacute; entre autres d&rsquo;huile v&eacute;g&eacute;tale. Pour raviver le linge, diluez quelques cuill&egrave;res &agrave; soupe de savon noir dans de l&rsquo;eau.<\/p>\n<p>Le <strong>savon de Marseille <\/strong>est aussi un alli&eacute; bien connu pour l&rsquo;entretien du linge. Ingr&eacute;dient de taille pour vos recettes de lessive maison z&eacute;ro d&eacute;chet, il suffit de m&eacute;langer des copeaux de savon bio de Marseille, de l&rsquo;eau et des cristaux de soude, tout simplement.<\/p>\n<p>L&rsquo;<strong>huile de lin <\/strong>est efficace dans l&rsquo;entretien des surfaces en bois et sols poreux type sol en terre cuite.<\/p>\n<\/p>\n<p>Enfin, pensez aux huiles essentielles, elles poss&egrave;dent d&rsquo;innombrables vertus et remplaceront ais&eacute;ment les parfums et senteurs chimiques contenues dans certains produits m&eacute;nagers.<\/p>\n<\/p>\n<h3>Le mat&eacute;riel de m&eacute;nage &eacute;cologique pour un nettoyage complet au naturel&nbsp;<\/h3>\n<\/p>\n<p>Afin d&rsquo;entamer une d&eacute;marche qui ait du sens dans son ensemble, il est bon de combiner produits et mat&eacute;riel naturels.&nbsp;<\/p>\n<\/p>\n<p>En ce qui concerne l&rsquo;&eacute;quipement de m&eacute;nage ad&eacute;quat &agrave; associer &agrave; vos produits m&eacute;nagers bio, prenez soin de votre linge, votre vaisselle et votre int&eacute;rieur en g&eacute;n&eacute;ral, gr&acirc;ce &agrave; l&rsquo;utilisation de :<\/p>\n<\/p>\n<ul>\n<li>chiffon lavable en microfibres ;<\/li>\n<li>balai en fibres naturelles ;<\/li>\n<li>d&rsquo;&eacute;ponge r&eacute;utilisable ;<\/li>\n<li>mat&eacute;riel en bambou ou bois type brosse ;<\/li>\n<li>contenant en verre et non en plastique.<\/li>\n<\/ul>\n<p>En misant sur des produits lavables, r&eacute;utilisables, fabriqu&eacute;s avec &eacute;thique, voire m&ecirc;me produits en France, vous maximisez les propri&eacute;t&eacute;s de vos produits bio de m&eacute;nage.&nbsp;<\/p>\n<\/p>\n<p>Pensez &eacute;galement &agrave; porter des gants &eacute;co-con&ccedil;us lors de vos t&acirc;ches m&eacute;nag&egrave;res. Ainsi, vous prot&eacute;gerez la barri&egrave;re naturelle de la peau. L&rsquo;acidit&eacute; du vinaigre et du citron par exemple, bien que naturelle, ou un contact r&eacute;gulier avec l&rsquo;eau, peuvent engendrer quelques d&eacute;sagr&eacute;ments.&nbsp;<\/p>\n<\/p>\n<h2>Les produits industriels biologiques de m&eacute;nage : bien les choisir<\/h2>\n<h3>Faire confiance aux labels certifi&eacute;s&nbsp;<\/h3>\n<p>Il est possible de trouver dans le commerce, d&rsquo;autres nettoyants efficaces et bio, en se fiant &agrave; certains crit&egrave;res stricts de qualit&eacute;. Il existe donc une alternative saine aux ingr&eacute;dients naturels.&nbsp;<\/p>\n<p>D&eacute;couvrez les labels &agrave; cibler pour acheter des consommables &eacute;thiques.&nbsp;<\/p>\n<ul>\n<li><strong>&Eacute;colabel Europ&eacute;en :<\/strong><br \/>\nundefined<\/li>\n<li><strong>Nature et Progr&egrave;s :<\/strong><br \/>\nundefined<\/li>\n<\/ul>\n<p>Attention aux partenariats de marques et associations apposant leurs noms sur certains consommables. Ne vous fiez qu&rsquo;&agrave; la mention label, r&eacute;pondant aux normes fran&ccedil;aises ou europ&eacute;ennes.&nbsp;<\/p>\n<p>En cas de doute, v&eacute;rifiez la composition au dos des articles que vous achetez.<\/p>\n<\/p>\n<h3>Faire son m&eacute;nage avec des produits industriels &eacute;cologiques : o&ugrave; se les procurer&nbsp;<\/h3>\n<\/p>\n<p>Si vous &ecirc;tes frileux quant &agrave; l&rsquo;achat de produits responsables dans la grande distribution, optez pour les enseignes suivantes (exemple) :<\/p>\n<ol>\n<li><strong>Bioplanet :<\/strong><br \/>\nundefined<\/li>\n<li><strong>Bio-Planet (Colruyt) :<\/strong><br \/>\nundefined<\/li>\n<\/ol>\n<p>Pr&ecirc;tez attention aux d&eacute;tails, l&rsquo;emballage est-il recyclable ? Combien de pourcentages d&rsquo;ingr&eacute;dients naturels contient votre flacon ? Y a-t-il des colorants, des additifs, des parfums chimiques ?&nbsp;<\/p>\n<\/p>\n<p>De petits commerces ind&eacute;pendants luttent pour promouvoir des produits sains du quotidien. Poussez la porte d&rsquo;une savonnerie, en qu&ecirc;te d&rsquo;un savon bio artisanal ou d&rsquo;une herboristerie. Vous y trouverez m&ecirc;me des ressources pour concevoir vos propres produits m&eacute;nagers.&nbsp;<\/p>\n<h2>Les avantages des produits bio pour le m&eacute;nage de sa maison<\/h2>\n<h3>Des ingr&eacute;dients naturels et un risque z&eacute;ro pour la sant&eacute;&nbsp;<\/h3>\n<p>&nbsp;<\/p>\n<p>&Agrave; l&rsquo;heure d&rsquo;une prise de conscience collective concernant les biens que nous consommons et leur impact, l&rsquo;entretien et le nettoyage ne sont pas en reste.<\/p>\n<p>Soucieux de la composition des bidons de lessive ou bouteilles de liquide vaisselle que nous utilisons, il est question de pr&eacute;servation de l&rsquo;environnement, mais pas seulement. Les composants chimiques pr&eacute;sents dans les produits d&rsquo;entretien classiques sont n&eacute;fastes pour la sant&eacute;.&nbsp;<\/p>\n<p>De plus, ils sont agressifs et d&eacute;t&eacute;riorent plus qu&rsquo;ils n&rsquo;entretiennent vos effets ou surfaces. Gr&acirc;ce aux produits bio et aux savons pour nettoyer votre maison, aucun risque d&rsquo;inhalation ou de contact nocif pour la peau. Ces ingr&eacute;dients &eacute;cologiques sont faciles &agrave; se procurer et souvent multi-usage. Quant aux ingr&eacute;dients naturels, ils sont peu co&ucirc;teux.<\/p>\n<\/p>\n<h3>Les impacts sur l&rsquo;environnement des produits m&eacute;nagers<\/h3>\n<\/p>\n<p>Un produit d&rsquo;entretien bio et naturel ne pollue pas l&rsquo;eau et les sols. Il est donc plus durable pour la plan&egrave;te. Les ingr&eacute;dients naturels pr&eacute;sents dans ces formules sont &eacute;galement plus facilement biod&eacute;gradables.&nbsp;&nbsp;<\/p>\n<p>L&rsquo;utilisation d&rsquo;un produit de nettoyage bio peut contribuer &agrave; r&eacute;duire son empreinte carbone et passer au z&eacute;ro d&eacute;chet. Souvent fabriqu&eacute;s localement, en France, ou issus de mat&eacute;riaux 100 % naturels, il est possible d&rsquo;avoir un impact positif sur l&rsquo;environnement, ne serait-ce qu&rsquo;avec des produits recyclables.&nbsp;<\/p>\n<p>Enfin, c&rsquo;est avec des ingr&eacute;dients du quotidien parfois simples et insoup&ccedil;onn&eacute;s que l&rsquo;on peut faire sa lessive, faire briller sa vaisselle ou entretenir son linge blanc.<\/p>\n<\/p>\n<p>Les produits bio &agrave; utiliser &agrave; la maison pour la lessive, la vaisselle et le linge se divisent en deux cat&eacute;gories. Les produits naturels type vinaigre blanc, bicarbonate de soude, savon de Marseille. Les produits industriels &eacute;cologiques b&eacute;n&eacute;ficiant de labels de qualit&eacute;. Non seulement, ils sont doux et pr&eacute;servent la sant&eacute;, mais ils sont &eacute;galement b&eacute;n&eacute;fiques pour l&rsquo;environnement. Pour un m&eacute;nage 100 % &eacute;cologique, adoptez &eacute;galement du mat&eacute;riel de nettoyage con&ccedil;u avec des mati&egrave;res naturelles.<\/p>\n<\/p>\n<p><a class=\"button\" href=\"https:\/\/yoopies.be\/menage\">Je cherche une aide m\u00e9nag\u00e8re !<\/a><\/p>\n","protected":false},"excerpt":{"rendered":"<p>Les diff&eacute;rents produits naturels pour un nettoyage 100 % &eacute;cologique Les produits naturels &agrave; avoir &hellip; <\/p>\n","protected":false},"author":10,"featured_media":163,"parent":0,"menu_order":0,"comment_status":"closed","ping_status":"closed","template":"","meta":{"_acf_changed":false,"footnotes":""},"class_list":["post-161","page","type-page","status-publish","has-post-thumbnail","hentry"],"acf":[],"yoast_head":"<!-- This site is optimized with the Yoast SEO plugin v26.9 - https:\/\/yoast.com\/product\/yoast-seo-wordpress\/ -->\n<title>Quels sont les produits bio \u00e0 utiliser pour le m\u00e9nage ?<\/title>\n<meta name=\"description\" content=\"Toutes les raisons sont valables pour passer au m\u00e9nage \u00e9cologique. Nombre de produits bio ou naturels sont aussi efficaces que les produits m\u00e9nagers traditionnels\" \/>\n<meta name=\"robots\" content=\"index, follow, max-snippet:-1, max-image-preview:large, max-video-preview:-1\" \/>\n<link rel=\"canonical\" href=\"https:\/\/yoopies.be\/c\/quels-sont-les-produits-bio-a-utiliser-pour-le-menage\/\" \/>\n<meta property=\"og:locale\" content=\"fr_FR\" \/>\n<meta property=\"og:type\" content=\"article\" \/>\n<meta property=\"og:title\" content=\"Quels sont les produits bio \u00e0 utiliser pour le m\u00e9nage ?\" \/>\n<meta property=\"og:description\" content=\"Toutes les raisons sont valables pour passer au m\u00e9nage \u00e9cologique. Nombre de produits bio ou naturels sont aussi efficaces que les produits m\u00e9nagers traditionnels\" \/>\n<meta property=\"og:url\" content=\"https:\/\/yoopies.be\/c\/quels-sont-les-produits-bio-a-utiliser-pour-le-menage\/\" \/>\n<meta property=\"og:site_name\" content=\"Le Blog Yoopies Belgique\" \/>\n<meta property=\"article:modified_time\" content=\"2025-06-12T08:45:49+00:00\" \/>\n<meta property=\"og:image\" content=\"https:\/\/yoopies.be\/c\/wp-content\/uploads\/sites\/9\/2024\/01\/583ff0dd-1627-4ec1-ba49-e0ff4c3d493e-adobestock-387180606-1.jpg\" \/>\n\t<meta property=\"og:image:width\" content=\"1200\" \/>\n\t<meta property=\"og:image:height\" content=\"800\" \/>\n\t<meta property=\"og:image:type\" content=\"image\/jpeg\" \/>\n<meta name=\"twitter:card\" content=\"summary_large_image\" \/>\n<meta name=\"twitter:label1\" content=\"Dur\u00e9e de lecture est.\" \/>\n\t<meta name=\"twitter:data1\" content=\"6 minutes\" \/>\n<script type=\"application\/ld+json\" class=\"yoast-schema-graph\">{\"@context\":\"https:\/\/schema.org\",\"@graph\":[{\"@type\":\"WebPage\",\"@id\":\"https:\/\/yoopies.be\/c\/quels-sont-les-produits-bio-a-utiliser-pour-le-menage\/\",\"url\":\"https:\/\/yoopies.be\/c\/quels-sont-les-produits-bio-a-utiliser-pour-le-menage\/\",\"name\":\"Quels sont les produits bio \u00e0 utiliser pour le m\u00e9nage ?\",\"isPartOf\":{\"@id\":\"https:\/\/yoopies.be\/c\/#website\"},\"primaryImageOfPage\":{\"@id\":\"https:\/\/yoopies.be\/c\/quels-sont-les-produits-bio-a-utiliser-pour-le-menage\/#primaryimage\"},\"image\":{\"@id\":\"https:\/\/yoopies.be\/c\/quels-sont-les-produits-bio-a-utiliser-pour-le-menage\/#primaryimage\"},\"thumbnailUrl\":\"https:\/\/yoopies.be\/c\/wp-content\/uploads\/sites\/9\/2024\/01\/583ff0dd-1627-4ec1-ba49-e0ff4c3d493e-adobestock-387180606-1.jpg\",\"datePublished\":\"2024-01-15T09:33:45+00:00\",\"dateModified\":\"2025-06-12T08:45:49+00:00\",\"description\":\"Toutes les raisons sont valables pour passer au m\u00e9nage \u00e9cologique. Nombre de produits bio ou naturels sont aussi efficaces que les produits m\u00e9nagers traditionnels\",\"breadcrumb\":{\"@id\":\"https:\/\/yoopies.be\/c\/quels-sont-les-produits-bio-a-utiliser-pour-le-menage\/#breadcrumb\"},\"inLanguage\":\"fr-BE\",\"potentialAction\":[{\"@type\":\"ReadAction\",\"target\":[\"https:\/\/yoopies.be\/c\/quels-sont-les-produits-bio-a-utiliser-pour-le-menage\/\"]}]},{\"@type\":\"ImageObject\",\"inLanguage\":\"fr-BE\",\"@id\":\"https:\/\/yoopies.be\/c\/quels-sont-les-produits-bio-a-utiliser-pour-le-menage\/#primaryimage\",\"url\":\"https:\/\/yoopies.be\/c\/wp-content\/uploads\/sites\/9\/2024\/01\/583ff0dd-1627-4ec1-ba49-e0ff4c3d493e-adobestock-387180606-1.jpg\",\"contentUrl\":\"https:\/\/yoopies.be\/c\/wp-content\/uploads\/sites\/9\/2024\/01\/583ff0dd-1627-4ec1-ba49-e0ff4c3d493e-adobestock-387180606-1.jpg\",\"width\":1200,\"height\":800},{\"@type\":\"BreadcrumbList\",\"@id\":\"https:\/\/yoopies.be\/c\/quels-sont-les-produits-bio-a-utiliser-pour-le-menage\/#breadcrumb\",\"itemListElement\":[{\"@type\":\"ListItem\",\"position\":1,\"name\":\"Home\",\"item\":\"https:\/\/yoopies.be\/c\/\"},{\"@type\":\"ListItem\",\"position\":2,\"name\":\"M\u00e9nage au naturel : les produits de nettoyage bio et leurs b\u00e9n\u00e9fices\"}]},{\"@type\":\"WebSite\",\"@id\":\"https:\/\/yoopies.be\/c\/#website\",\"url\":\"https:\/\/yoopies.be\/c\/\",\"name\":\"Le Blog Yoopies Belgique\",\"description\":\"\",\"potentialAction\":[{\"@type\":\"SearchAction\",\"target\":{\"@type\":\"EntryPoint\",\"urlTemplate\":\"https:\/\/yoopies.be\/c\/?s={search_term_string}\"},\"query-input\":{\"@type\":\"PropertyValueSpecification\",\"valueRequired\":true,\"valueName\":\"search_term_string\"}}],\"inLanguage\":\"fr-BE\"}]}<\/script>\n<!-- \/ Yoast SEO plugin. -->","yoast_head_json":{"title":"Quels sont les produits bio \u00e0 utiliser pour le m\u00e9nage ?","description":"Toutes les raisons sont valables pour passer au m\u00e9nage \u00e9cologique. Nombre de produits bio ou naturels sont aussi efficaces que les produits m\u00e9nagers traditionnels","robots":{"index":"index","follow":"follow","max-snippet":"max-snippet:-1","max-image-preview":"max-image-preview:large","max-video-preview":"max-video-preview:-1"},"canonical":"https:\/\/yoopies.be\/c\/quels-sont-les-produits-bio-a-utiliser-pour-le-menage\/","og_locale":"fr_FR","og_type":"article","og_title":"Quels sont les produits bio \u00e0 utiliser pour le m\u00e9nage ?","og_description":"Toutes les raisons sont valables pour passer au m\u00e9nage \u00e9cologique. Nombre de produits bio ou naturels sont aussi efficaces que les produits m\u00e9nagers traditionnels","og_url":"https:\/\/yoopies.be\/c\/quels-sont-les-produits-bio-a-utiliser-pour-le-menage\/","og_site_name":"Le Blog Yoopies Belgique","article_modified_time":"2025-06-12T08:45:49+00:00","og_image":[{"width":1200,"height":800,"url":"https:\/\/yoopies.be\/c\/wp-content\/uploads\/sites\/9\/2024\/01\/583ff0dd-1627-4ec1-ba49-e0ff4c3d493e-adobestock-387180606-1.jpg","type":"image\/jpeg"}],"twitter_card":"summary_large_image","twitter_misc":{"Dur\u00e9e de lecture est.":"6 minutes"},"schema":{"@context":"https:\/\/schema.org","@graph":[{"@type":"WebPage","@id":"https:\/\/yoopies.be\/c\/quels-sont-les-produits-bio-a-utiliser-pour-le-menage\/","url":"https:\/\/yoopies.be\/c\/quels-sont-les-produits-bio-a-utiliser-pour-le-menage\/","name":"Quels sont les produits bio \u00e0 utiliser pour le m\u00e9nage ?","isPartOf":{"@id":"https:\/\/yoopies.be\/c\/#website"},"primaryImageOfPage":{"@id":"https:\/\/yoopies.be\/c\/quels-sont-les-produits-bio-a-utiliser-pour-le-menage\/#primaryimage"},"image":{"@id":"https:\/\/yoopies.be\/c\/quels-sont-les-produits-bio-a-utiliser-pour-le-menage\/#primaryimage"},"thumbnailUrl":"https:\/\/yoopies.be\/c\/wp-content\/uploads\/sites\/9\/2024\/01\/583ff0dd-1627-4ec1-ba49-e0ff4c3d493e-adobestock-387180606-1.jpg","datePublished":"2024-01-15T09:33:45+00:00","dateModified":"2025-06-12T08:45:49+00:00","description":"Toutes les raisons sont valables pour passer au m\u00e9nage \u00e9cologique. Nombre de produits bio ou naturels sont aussi efficaces que les produits m\u00e9nagers traditionnels","breadcrumb":{"@id":"https:\/\/yoopies.be\/c\/quels-sont-les-produits-bio-a-utiliser-pour-le-menage\/#breadcrumb"},"inLanguage":"fr-BE","potentialAction":[{"@type":"ReadAction","target":["https:\/\/yoopies.be\/c\/quels-sont-les-produits-bio-a-utiliser-pour-le-menage\/"]}]},{"@type":"ImageObject","inLanguage":"fr-BE","@id":"https:\/\/yoopies.be\/c\/quels-sont-les-produits-bio-a-utiliser-pour-le-menage\/#primaryimage","url":"https:\/\/yoopies.be\/c\/wp-content\/uploads\/sites\/9\/2024\/01\/583ff0dd-1627-4ec1-ba49-e0ff4c3d493e-adobestock-387180606-1.jpg","contentUrl":"https:\/\/yoopies.be\/c\/wp-content\/uploads\/sites\/9\/2024\/01\/583ff0dd-1627-4ec1-ba49-e0ff4c3d493e-adobestock-387180606-1.jpg","width":1200,"height":800},{"@type":"BreadcrumbList","@id":"https:\/\/yoopies.be\/c\/quels-sont-les-produits-bio-a-utiliser-pour-le-menage\/#breadcrumb","itemListElement":[{"@type":"ListItem","position":1,"name":"Home","item":"https:\/\/yoopies.be\/c\/"},{"@type":"ListItem","position":2,"name":"M\u00e9nage au naturel : les produits de nettoyage bio et leurs b\u00e9n\u00e9fices"}]},{"@type":"WebSite","@id":"https:\/\/yoopies.be\/c\/#website","url":"https:\/\/yoopies.be\/c\/","name":"Le Blog Yoopies Belgique","description":"","potentialAction":[{"@type":"SearchAction","target":{"@type":"EntryPoint","urlTemplate":"https:\/\/yoopies.be\/c\/?s={search_term_string}"},"query-input":{"@type":"PropertyValueSpecification","valueRequired":true,"valueName":"search_term_string"}}],"inLanguage":"fr-BE"}]}},"_links":{"self":[{"href":"https:\/\/yoopies.be\/c\/wp-json\/wp\/v2\/pages\/161","targetHints":{"allow":["GET"]}}],"collection":[{"href":"https:\/\/yoopies.be\/c\/wp-json\/wp\/v2\/pages"}],"about":[{"href":"https:\/\/yoopies.be\/c\/wp-json\/wp\/v2\/types\/page"}],"author":[{"embeddable":true,"href":"https:\/\/yoopies.be\/c\/wp-json\/wp\/v2\/users\/10"}],"replies":[{"embeddable":true,"href":"https:\/\/yoopies.be\/c\/wp-json\/wp\/v2\/comments?post=161"}],"version-history":[{"count":1,"href":"https:\/\/yoopies.be\/c\/wp-json\/wp\/v2\/pages\/161\/revisions"}],"predecessor-version":[{"id":164,"href":"https:\/\/yoopies.be\/c\/wp-json\/wp\/v2\/pages\/161\/revisions\/164"}],"wp:featuredmedia":[{"embeddable":true,"href":"https:\/\/yoopies.be\/c\/wp-json\/wp\/v2\/media\/163"}],"wp:attachment":[{"href":"https:\/\/yoopies.be\/c\/wp-json\/wp\/v2\/media?parent=161"}],"curies":[{"name":"wp","href":"https:\/\/api.w.org\/{rel}","templated":true}]}}